{"id":127,"date":"2019-05-03T22:05:56","date_gmt":"2019-05-03T22:05:56","guid":{"rendered":"http:\/\/alsinaeventos.com.ar\/?page_id=127"},"modified":"2022-07-19T20:34:16","modified_gmt":"2022-07-19T23:34:16","slug":"iluminacion","status":"publish","type":"page","link":"http:\/\/alsinaeventos.com.ar\/index.php\/sample-page\/iluminacion\/","title":{"rendered":"Iluminaci\u00f3n"},"content":{"rendered":"\n<style id=\"bwg-style-0\">  #bwg_container1_0 {    display: table;\t\/*visibility: hidden;*\/  }  #bwg_container1_0 * {\t  -moz-user-select: none;\t  -khtml-user-select: none;\t  -webkit-user-select: none;\t  -ms-user-select: none;\t  user-select: none;  }  #bwg_container1_0 #bwg_container2_0 .bwg_slideshow_image_wrap_0 {\t  background-color: #000000;\t  width: 800px;\t  height: 500px;  }  #bwg_container1_0 #bwg_container2_0 .bwg_slideshow_image_0 {\t  max-width: 800px;\t  max-height: 500px;  }  #bwg_container1_0 #bwg_container2_0 .bwg_slideshow_embed_0 {    width: 800px;    height: 500px;  }  #bwg_container1_0 #bwg_container2_0 #bwg_slideshow_play_pause_0 {\t  background: transparent url(\"http:\/\/alsinaeventos.com.ar\/wp-content\/plugins\/photo-gallery\/images\/blank.gif\") repeat scroll 0 0;  }  #bwg_container1_0 #bwg_container2_0 #bwg_slideshow_play_pause-ico_0 {    color: #FFFFFF;    font-size: 60px;  }  #bwg_container1_0 #bwg_container2_0 #bwg_slideshow_play_pause-ico_0:hover {\t  color: #DBDBDB;  }  #bwg_container1_0 #bwg_container2_0 #spider_slideshow_left_0,  #bwg_container1_0 #bwg_container2_0 #spider_slideshow_right_0 {\t  background: transparent url(\"http:\/\/alsinaeventos.com.ar\/wp-content\/plugins\/photo-gallery\/images\/blank.gif\") repeat scroll 0 0;  }  #bwg_container1_0 #bwg_container2_0 #spider_slideshow_left-ico_0,  #bwg_container1_0 #bwg_container2_0 #spider_slideshow_right-ico_0 {\t  background-color: #000000;\t  border-radius: 20px;\t  border: 0px none #FFFFFF;\t  box-shadow: ;\t  color: #FFFFFF;\t  height: 40px;\t  font-size: 20px;\t  width: 40px;\t  opacity: 1.00;  }  #bwg_container1_0 #bwg_container2_0 #spider_slideshow_left-ico_0:hover,  #bwg_container1_0 #bwg_container2_0 #spider_slideshow_right-ico_0:hover {\t  color: #DBDBDB;  }      #spider_slideshow_left-ico_0{      left: -9999px;    }    #spider_slideshow_right-ico_0{      left: -9999px;    }      #bwg_container1_0 #bwg_container2_0 .bwg_slideshow_image_container_0 {\t  bottom: 0px;\t  width: 800px;\t  height: 500px;\t}\t#bwg_container1_0 #bwg_container2_0 .bwg_slideshow_filmstrip_container_0 {\t  display: table;\t  height: 0px;\t  width: 800px;\t  bottom: 0;  }  \/* Filmstrip dimension *\/  #bwg_container1_0 #bwg_container2_0 .bwg_slideshow_filmstrip_0 {\t  left: 20px;\t  width: 760px;\t  \/*z-index: 10106;*\/  }  #bwg_container1_0 #bwg_container2_0 .bwg_slideshow_filmstrip_thumbnails_0 {    left: 0px;    width: 20px;    height: 0px;  }  #bwg_container1_0 #bwg_container2_0 .bwg_slideshow_filmstrip_thumbnail_0 {    width: 0px;    height: 0px;    margin: 0 1px;    border: 1px none #000000;    border-radius: 0;  }  #bwg_container1_0 #bwg_container2_0 .bwg_slideshow_thumb_active_0 {\t  border: 0px solid #FFFFFF;  }  #bwg_container1_0 #bwg_container2_0 .bwg_slideshow_thumb_deactive_0 {    opacity: 0.80;  }  #bwg_container1_0 #bwg_container2_0 .bwg_slideshow_filmstrip_left_0,  #bwg_container1_0 #bwg_container2_0 .bwg_slideshow_filmstrip_left_disabled_0 {\t  background-color: #303030;\t  display: table-cell;\t  width: 20px;\t  left: 0;\t  \t    }  #bwg_container1_0 #bwg_container2_0 .bwg_slideshow_filmstrip_right_0,  #bwg_container1_0 #bwg_container2_0 .bwg_slideshow_filmstrip_right_disabled_0 {\t  background-color: #303030;    display: table-cell;    right: 0;\t  width: 20px;\t  \t    }  #bwg_container1_0 #bwg_container2_0 .bwg_slideshow_filmstrip_left_0 i,  #bwg_container1_0 #bwg_container2_0 .bwg_slideshow_filmstrip_right_0 i,  #bwg_container1_0 #bwg_container2_0 .bwg_slideshow_filmstrip_left_disabled_0 i,  #bwg_container1_0 #bwg_container2_0 .bwg_slideshow_filmstrip_right_disabled_0 i {\t  color: #FFFFFF;\t  font-size: 20px;  }  #bwg_container1_0 #bwg_container2_0 .bwg_slideshow_filmstrip_left_0 {    display: none;  }  #bwg_container1_0 #bwg_container2_0 .bwg_slideshow_filmstrip_left_disabled_0,  #bwg_container1_0 #bwg_container2_0 .bwg_slideshow_filmstrip_right_disabled_0 {    display: none;    opacity: 0.3;  }  #bwg_container1_0 #bwg_container2_0 .bwg_slideshow_filmstrip_left_disabled_0 {    display: table-cell;  }  #bwg_container1_0 #bwg_container2_0 .bwg_slideshow_watermark_spun_0 {\t  text-align: left;\t  vertical-align: bottom;  }  #bwg_container1_0 #bwg_container2_0 .bwg_slideshow_title_spun_0 {\t  text-align: right;\t  vertical-align: top;  }  #bwg_container1_0 #bwg_container2_0 .bwg_slideshow_description_spun_0 {\t  text-align: right;\t  vertical-align: bottom;  }  #bwg_container1_0 #bwg_container2_0 .bwg_slideshow_watermark_image_0 {\t  max-height: 90px;\t  max-width: 90px;\t  opacity: 0.30;  }  #bwg_container1_0 #bwg_container2_0 .bwg_slideshow_watermark_text_0,  #bwg_container1_0 #bwg_container2_0 .bwg_slideshow_watermark_text_0:hover {\t  text-decoration: none;\t  margin: 4px;\t  position: relative;\t  z-index: 15;  }  #bwg_container1_0 #bwg_container2_0 .bwg_slideshow_title_text_0 {\t  font-size: 16px;\t  font-family: Ubuntu;\t  color: #FFFFFF !important;\t  opacity: 0.70;    border-radius: 5px;\t  background-color: #000000;\t  padding: 5px 10px 5px 10px;\t  \t\tmargin: 5px;\t  \t    }  #bwg_container1_0 #bwg_container2_0 .bwg_slideshow_description_text_0 {\t  font-size: 14px;\t  font-family: Ubuntu;\t  color: #FFFFFF !important;\t  opacity: 0.70;    border-radius: 0;\t  background-color: #000000;\t  padding: 5px 10px 5px 10px;\t  bottom:14px;  }  #bwg_container1_0 #bwg_container2_0 .bwg_slideshow_description_text_0 * {\ttext-decoration: none;\tcolor: #FFFFFF !important;  }  #bwg_container1_0 #bwg_container2_0 .bwg_slideshow_dots_0 {\t  width: 10px;\t  height: 10px;\t  border-radius: 10px;\t  background: #292929;\t  margin: 1px;  }  #bwg_container1_0 #bwg_container2_0 .bwg_slideshow_dots_container_0 {\t  width: 800px;\t  bottom: 0;  }  #bwg_container1_0 #bwg_container2_0 .bwg_slideshow_dots_thumbnails_0 {\t  height: 12px;\t  width: 120px;  }  #bwg_container1_0 #bwg_container2_0 .bwg_slideshow_dots_active_0 {\t  background: #292929;\t  border: 2px solid #FFC933;  }  <\/style>    <div id=\"bwg_container1_0\"         class=\"bwg_container bwg_thumbnail bwg_slideshow\"         data-right-click-protection=\"0\"         data-bwg=\"0\"         data-scroll=\"0\"         data-gallery-type=\"slideshow\"         data-current-url=\"http:\/\/alsinaeventos.com.ar\/index.php\/wp-json\/wp\/v2\/pages\/127\"         data-lightbox-url=\"http:\/\/alsinaeventos.com.ar\/wp-admin\/admin-ajax.php?action=GalleryBox&#038;current_view=0&#038;gallery_id=6&#038;tag=0&#038;theme_id=2&#038;shortcode_id=12&#038;sort_by=order&#038;order_by=asc&#038;current_url=http%3A%2F%2Falsinaeventos.com.ar%2Findex.php%2Fwp-json%2Fwp%2Fv2%2Fpages%2F127\"         data-gallery-id=\"6\"         data-popup-width=\"800\"         data-popup-height=\"500\"         data-is-album=\"gallery\"         data-buttons-position=\"bottom\">      <div id=\"bwg_container2_0\">             <div id=\"ajax_loading_0\" class=\"bwg_loading_div_1\">      <div class=\"bwg_loading_div_2\">        <div class=\"bwg_loading_div_3\">          <div id=\"loading_div_0\" class=\"bwg_spider_ajax_loading\">          <\/div>        <\/div>      <\/div>    <\/div>            <form id=\"gal_front_form_0\"              class=\"bwg-hidden\"              method=\"post\"              action=\"#\"              data-current=\"0\"              data-shortcode-id=\"12\"              data-gallery-type=\"slideshow\"              data-gallery-id=\"6\"              data-tag=\"0\"              data-album-id=\"0\"              data-theme-id=\"2\"              data-ajax-url=\"http:\/\/alsinaeventos.com.ar\/wp-admin\/admin-ajax.php?action=bwg_frontend_data\">          <div id=\"bwg_container3_0\" class=\"bwg-background bwg-background-0\">              <div class=\"bwg_slideshow_image_wrap_0 bwg-slideshow-images-wrapper bwg-container\"       data-bwg=\"0\"       data-lightbox-url=\"http:\/\/alsinaeventos.com.ar\/wp-admin\/admin-ajax.php?action=GalleryBox&#038;current_view=0&#038;gallery_id=6&#038;tag=0&#038;theme_id=2&#038;shortcode_id=12&#038;sort_by=order&#038;order_by=asc&#038;current_url=http%3A%2F%2Falsinaeventos.com.ar%2Findex.php%2Fwp-json%2Fwp%2Fv2%2Fpages%2F127\">          <div class=\"bwg_slideshow_dots_container_0\">        <div class=\"bwg_slideshow_dots_thumbnails_0\">                      <span id=\"bwg_dots_0_0\" class=\"bwg_slideshow_dots_0 bwg_slideshow_dots_active_0\" onclick=\"bwg_change_image(parseInt(jQuery('#bwg_current_image_key_0').val()), '0', '', '', 0)\" image_id=\"53\" image_key=\"0\"><\/span>                        <span id=\"bwg_dots_1_0\" class=\"bwg_slideshow_dots_0 bwg_slideshow_dots_deactive_0\" onclick=\"bwg_change_image(parseInt(jQuery('#bwg_current_image_key_0').val()), '1', '', '', 0)\" image_id=\"52\" image_key=\"1\"><\/span>                        <span id=\"bwg_dots_2_0\" class=\"bwg_slideshow_dots_0 bwg_slideshow_dots_deactive_0\" onclick=\"bwg_change_image(parseInt(jQuery('#bwg_current_image_key_0').val()), '2', '', '', 0)\" image_id=\"51\" image_key=\"2\"><\/span>                        <span id=\"bwg_dots_3_0\" class=\"bwg_slideshow_dots_0 bwg_slideshow_dots_deactive_0\" onclick=\"bwg_change_image(parseInt(jQuery('#bwg_current_image_key_0').val()), '3', '', '', 0)\" image_id=\"50\" image_key=\"3\"><\/span>                        <span id=\"bwg_dots_4_0\" class=\"bwg_slideshow_dots_0 bwg_slideshow_dots_deactive_0\" onclick=\"bwg_change_image(parseInt(jQuery('#bwg_current_image_key_0').val()), '4', '', '', 0)\" image_id=\"49\" image_key=\"4\"><\/span>                        <span id=\"bwg_dots_5_0\" class=\"bwg_slideshow_dots_0 bwg_slideshow_dots_deactive_0\" onclick=\"bwg_change_image(parseInt(jQuery('#bwg_current_image_key_0').val()), '5', '', '', 0)\" image_id=\"48\" image_key=\"5\"><\/span>                        <span id=\"bwg_dots_6_0\" class=\"bwg_slideshow_dots_0 bwg_slideshow_dots_deactive_0\" onclick=\"bwg_change_image(parseInt(jQuery('#bwg_current_image_key_0').val()), '6', '', '', 0)\" image_id=\"47\" image_key=\"6\"><\/span>                        <span id=\"bwg_dots_7_0\" class=\"bwg_slideshow_dots_0 bwg_slideshow_dots_deactive_0\" onclick=\"bwg_change_image(parseInt(jQuery('#bwg_current_image_key_0').val()), '7', '', '', 0)\" image_id=\"46\" image_key=\"7\"><\/span>                        <span id=\"bwg_dots_8_0\" class=\"bwg_slideshow_dots_0 bwg_slideshow_dots_deactive_0\" onclick=\"bwg_change_image(parseInt(jQuery('#bwg_current_image_key_0').val()), '8', '', '', 0)\" image_id=\"45\" image_key=\"8\"><\/span>                        <span id=\"bwg_dots_9_0\" class=\"bwg_slideshow_dots_0 bwg_slideshow_dots_deactive_0\" onclick=\"bwg_change_image(parseInt(jQuery('#bwg_current_image_key_0').val()), '9', '', '', 0)\" image_id=\"44\" image_key=\"9\"><\/span>                    <\/div>      <\/div>          <div id=\"bwg_slideshow_image_container_0\"         class=\"bwg_slideshow_image_container_0\"         data-params='{&quot;bwg_source&quot;:&quot;slider&quot;,&quot;bwg_current_key&quot;:&quot;&quot;,&quot;bwg_transition_duration&quot;:100,&quot;bwg_trans_in_progress&quot;:false,&quot;data&quot;:[{&quot;id&quot;:&quot;53&quot;,&quot;alt&quot;:&quot;Iluminaci\\u00f3n&quot;,&quot;description&quot;:&quot;&quot;,&quot;filetype&quot;:&quot;JPG&quot;,&quot;filename&quot;:&quot;14316970 1148774178524121 5334371820865277691 n&quot;,&quot;image_url&quot;:&quot;\\\/iluminacion\\\/14316970_1148774178524121_5334371820865277691_n.jpg?bwg=1556921490&quot;,&quot;thumb_url&quot;:&quot;\\\/iluminacion\\\/thumb\\\/14316970_1148774178524121_5334371820865277691_n.jpg?bwg=1556921490&quot;,&quot;redirect_url&quot;:&quot;&quot;,&quot;date&quot;:&quot;2019-05-03 22:07:57&quot;,&quot;is_embed&quot;:false,&quot;is_embed_video&quot;:false,&quot;image_width&quot;:&quot;960&quot;,&quot;image_height&quot;:&quot;540&quot;},{&quot;id&quot;:&quot;52&quot;,&quot;alt&quot;:&quot;Iluminaci\\u00f3n&quot;,&quot;description&quot;:&quot;&quot;,&quot;filetype&quot;:&quot;JPG&quot;,&quot;filename&quot;:&quot;14125092 1125646744170198 1467235584497845736 o&quot;,&quot;image_url&quot;:&quot;\\\/iluminacion\\\/14125092_1125646744170198_1467235584497845736_o.jpg?bwg=1556921490&quot;,&quot;thumb_url&quot;:&quot;\\\/iluminacion\\\/thumb\\\/14125092_1125646744170198_1467235584497845736_o.jpg?bwg=1556921490&quot;,&quot;redirect_url&quot;:&quot;&quot;,&quot;date&quot;:&quot;2019-05-03 22:07:58&quot;,&quot;is_embed&quot;:false,&quot;is_embed_video&quot;:false,&quot;image_width&quot;:&quot;1000&quot;,&quot;image_height&quot;:&quot;750&quot;},{&quot;id&quot;:&quot;51&quot;,&quot;alt&quot;:&quot;Iluminaci\\u00f3n&quot;,&quot;description&quot;:&quot;&quot;,&quot;filetype&quot;:&quot;JPG&quot;,&quot;filename&quot;:&quot;15723498 1266834693384735 4717382999581954918 o&quot;,&quot;image_url&quot;:&quot;\\\/iluminacion\\\/15723498_1266834693384735_4717382999581954918_o.jpg?bwg=1556921490&quot;,&quot;thumb_url&quot;:&quot;\\\/iluminacion\\\/thumb\\\/15723498_1266834693384735_4717382999581954918_o.jpg?bwg=1556921490&quot;,&quot;redirect_url&quot;:&quot;&quot;,&quot;date&quot;:&quot;2019-05-03 22:07:58&quot;,&quot;is_embed&quot;:false,&quot;is_embed_video&quot;:false,&quot;image_width&quot;:&quot;1200&quot;,&quot;image_height&quot;:&quot;797&quot;},{&quot;id&quot;:&quot;50&quot;,&quot;alt&quot;:&quot;Iluminaci\\u00f3n&quot;,&quot;description&quot;:&quot;&quot;,&quot;filetype&quot;:&quot;JPG&quot;,&quot;filename&quot;:&quot;20638692 1516292555105613 6328027925457100394 n&quot;,&quot;image_url&quot;:&quot;\\\/iluminacion\\\/20638692_1516292555105613_6328027925457100394_n.jpg?bwg=1556921490&quot;,&quot;thumb_url&quot;:&quot;\\\/iluminacion\\\/thumb\\\/20638692_1516292555105613_6328027925457100394_n.jpg?bwg=1556921490&quot;,&quot;redirect_url&quot;:&quot;&quot;,&quot;date&quot;:&quot;2019-05-03 22:07:59&quot;,&quot;is_embed&quot;:false,&quot;is_embed_video&quot;:false,&quot;image_width&quot;:&quot;960&quot;,&quot;image_height&quot;:&quot;540&quot;},{&quot;id&quot;:&quot;49&quot;,&quot;alt&quot;:&quot;Iluminaci\\u00f3n&quot;,&quot;description&quot;:&quot;&quot;,&quot;filetype&quot;:&quot;JPG&quot;,&quot;filename&quot;:&quot;15732521 1266833866718151 5999958327075146012 o&quot;,&quot;image_url&quot;:&quot;\\\/iluminacion\\\/15732521_1266833866718151_5999958327075146012_o.jpg?bwg=1556921490&quot;,&quot;thumb_url&quot;:&quot;\\\/iluminacion\\\/thumb\\\/15732521_1266833866718151_5999958327075146012_o.jpg?bwg=1556921490&quot;,&quot;redirect_url&quot;:&quot;&quot;,&quot;date&quot;:&quot;2019-05-03 22:08:00&quot;,&quot;is_embed&quot;:false,&quot;is_embed_video&quot;:false,&quot;image_width&quot;:&quot;1200&quot;,&quot;image_height&quot;:&quot;797&quot;},{&quot;id&quot;:&quot;48&quot;,&quot;alt&quot;:&quot;Iluminaci\\u00f3n&quot;,&quot;description&quot;:&quot;&quot;,&quot;filetype&quot;:&quot;JPG&quot;,&quot;filename&quot;:&quot;14086250 1125646887503517 4449115326404078894 o&quot;,&quot;image_url&quot;:&quot;\\\/iluminacion\\\/14086250_1125646887503517_4449115326404078894_o.jpg?bwg=1556921490&quot;,&quot;thumb_url&quot;:&quot;\\\/iluminacion\\\/thumb\\\/14086250_1125646887503517_4449115326404078894_o.jpg?bwg=1556921490&quot;,&quot;redirect_url&quot;:&quot;&quot;,&quot;date&quot;:&quot;2019-05-03 22:08:00&quot;,&quot;is_embed&quot;:false,&quot;is_embed_video&quot;:false,&quot;image_width&quot;:&quot;971&quot;,&quot;image_height&quot;:&quot;712&quot;},{&quot;id&quot;:&quot;47&quot;,&quot;alt&quot;:&quot;Iluminaci\\u00f3n&quot;,&quot;description&quot;:&quot;&quot;,&quot;filetype&quot;:&quot;JPG&quot;,&quot;filename&quot;:&quot;12509221 978961595505381 9041198755863750833 n&quot;,&quot;image_url&quot;:&quot;\\\/iluminacion\\\/12509221_978961595505381_9041198755863750833_n.jpg?bwg=1556921490&quot;,&quot;thumb_url&quot;:&quot;\\\/iluminacion\\\/thumb\\\/12509221_978961595505381_9041198755863750833_n.jpg?bwg=1556921490&quot;,&quot;redirect_url&quot;:&quot;&quot;,&quot;date&quot;:&quot;2019-05-03 22:08:02&quot;,&quot;is_embed&quot;:false,&quot;is_embed_video&quot;:false,&quot;image_width&quot;:&quot;960&quot;,&quot;image_height&quot;:&quot;540&quot;},{&quot;id&quot;:&quot;46&quot;,&quot;alt&quot;:&quot;Iluminaci\\u00f3n&quot;,&quot;description&quot;:&quot;&quot;,&quot;filetype&quot;:&quot;JPG&quot;,&quot;filename&quot;:&quot;DSC00669&quot;,&quot;image_url&quot;:&quot;\\\/iluminacion\\\/DSC00669.jpg?bwg=1556921490&quot;,&quot;thumb_url&quot;:&quot;\\\/iluminacion\\\/thumb\\\/DSC00669.jpg?bwg=1556921490&quot;,&quot;redirect_url&quot;:&quot;&quot;,&quot;date&quot;:&quot;2019-05-03 22:08:10&quot;,&quot;is_embed&quot;:false,&quot;is_embed_video&quot;:false,&quot;image_width&quot;:&quot;1200&quot;,&quot;image_height&quot;:&quot;900&quot;},{&quot;id&quot;:&quot;45&quot;,&quot;alt&quot;:&quot;Iluminaci\\u00f3n&quot;,&quot;description&quot;:&quot;&quot;,&quot;filetype&quot;:&quot;JPG&quot;,&quot;filename&quot;:&quot;DSC08119&quot;,&quot;image_url&quot;:&quot;\\\/iluminacion\\\/DSC08119.jpg?bwg=1556921490&quot;,&quot;thumb_url&quot;:&quot;\\\/iluminacion\\\/thumb\\\/DSC08119.jpg?bwg=1556921490&quot;,&quot;redirect_url&quot;:&quot;&quot;,&quot;date&quot;:&quot;2019-05-03 22:08:12&quot;,&quot;is_embed&quot;:false,&quot;is_embed_video&quot;:false,&quot;image_width&quot;:&quot;1200&quot;,&quot;image_height&quot;:&quot;900&quot;},{&quot;id&quot;:&quot;44&quot;,&quot;alt&quot;:&quot;Iluminaci\\u00f3n&quot;,&quot;description&quot;:&quot;&quot;,&quot;filetype&quot;:&quot;JPG&quot;,&quot;filename&quot;:&quot;DSC00692&quot;,&quot;image_url&quot;:&quot;\\\/iluminacion\\\/DSC00692.jpg?bwg=1556921490&quot;,&quot;thumb_url&quot;:&quot;\\\/iluminacion\\\/thumb\\\/DSC00692.jpg?bwg=1556921490&quot;,&quot;redirect_url&quot;:&quot;&quot;,&quot;date&quot;:&quot;2019-05-03 22:08:13&quot;,&quot;is_embed&quot;:false,&quot;is_embed_video&quot;:false,&quot;image_width&quot;:&quot;1200&quot;,&quot;image_height&quot;:&quot;900&quot;}],&quot;width_or_height&quot;:&quot;width&quot;,&quot;filmstrip_thumb_margin_hor&quot;:2,&quot;left_or_top&quot;:&quot;left&quot;,&quot;outerWidth_or_outerHeight&quot;:&quot;outerWidth&quot;,&quot;enable_slideshow_shuffle&quot;:0,&quot;lightbox_filmstrip_thumb_border_width&quot;:&quot;1&quot;,&quot;thumb_click_action&quot;:&quot;open_lightbox&quot;,&quot;thumb_link_target&quot;:1,&quot;upload_url&quot;:&quot;http:\\\/\\\/alsinaeventos.com.ar\\\/wp-content\\\/uploads\\\/photo-gallery&quot;,&quot;preload_images&quot;:1,&quot;slideshow_effect&quot;:&quot;fade&quot;,&quot;event_stack&quot;:&quot;&quot;,&quot;preload_images_count&quot;:10,&quot;image_width&quot;:800,&quot;image_height&quot;:500,&quot;thumb_width&quot;:250,&quot;thumb_height&quot;:140,&quot;filmstrip_direction&quot;:&quot;horizontal&quot;,&quot;slideshow_filmstrip_type&quot;:0,&quot;slideshow_thumbnails_count&quot;:0,&quot;slideshow_filmstrip_width&quot;:0,&quot;slideshow_filmstrip_height&quot;:0,&quot;slideshow_filmstrip_rl_btn_size&quot;:&quot;20&quot;,&quot;slideshow_play_pause_btn_size&quot;:&quot;60&quot;,&quot;watermark_type&quot;:90,&quot;watermark_height&quot;:90,&quot;watermark_font_size&quot;:20,&quot;slideshow_title_font_size&quot;:&quot;16&quot;,&quot;slideshow_description_font_size&quot;:&quot;14&quot;,&quot;bwg_playInterval&quot;:&quot;&quot;,&quot;slideshow_interval&quot;:5,&quot;image_right_click&quot;:0,&quot;enable_slideshow_autoplay&quot;:0,&quot;enable_slideshow_music&quot;:0,&quot;bwg_current_filmstrip_pos&quot;:0}'         data-filmstrip-position=\"bottom\"         data-filmstrip-size=\"0\">      <div class=\"bwg_slide_container_0\">        <div class=\"bwg_slide_bg_0\">          <div class=\"bwg_slider_0\">                            <span class=\"bwg_slideshow_image_spun_0\" id=\"image_id_0_53\">                    <span class=\"bwg_slideshow_image_spun1_0\">                      <span class=\"bwg_slideshow_image_spun2_0\">                                                  <a  class=\"bwg-a bwg_lightbox\" href=\"http:\/\/alsinaeventos.com.ar\/wp-content\/uploads\/photo-gallery\/iluminacion\/14316970_1148774178524121_5334371820865277691_n.jpg?bwg=1556921490\" data-image-id=\"53\" data-elementor-open-lightbox=\"no\">                          <img id=\"bwg_slideshow_image_0\"                               class=\"skip-lazy bwg_slide bwg_slideshow_image_0 \"                               src=\"http:\/\/alsinaeventos.com.ar\/wp-content\/uploads\/photo-gallery\/iluminacion\/14316970_1148774178524121_5334371820865277691_n.jpg?bwg=1556921490\"                               data-src=\"http:\/\/alsinaeventos.com.ar\/wp-content\/uploads\/photo-gallery\/iluminacion\/14316970_1148774178524121_5334371820865277691_n.jpg?bwg=1556921490\"                               image_id=\"53\"                               alt=\"Iluminaci\u00f3n\" \/>                          <\/a>                                                <\/span>                    <\/span>                  <\/span>                <span class=\"bwg_slideshow_image_second_spun_0\">                  <\/span>                <input type=\"hidden\" id=\"bwg_current_image_key_0\" value=\"0\" \/>                          <\/div>        <\/div>      <\/div>              <a class=\"bwg-a\" id=\"spider_slideshow_left_0\" onclick=\"bwg_change_image(parseInt(jQuery('#bwg_current_image_key_0').val()), (parseInt(jQuery('#bwg_current_image_key_0').val()) + 10 - bwg_iterator(0)) % 10, '', '', 0); return false;\"><span id=\"spider_slideshow_left-ico_0\"><span><i class=\"bwg-icon-arrow-left bwg_slideshow_prev_btn_0\"><\/i><\/span><\/span><\/a>        <span id=\"bwg_slideshow_play_pause_0\" class=\"bwg_slideshow_play_pause\" style=\"display: undefined;\"><span><span id=\"bwg_slideshow_play_pause-ico_0\"><i class=\"bwg-icon-play bwg_ctrl_btn_0 bwg_slideshow_play_pause_0\"><\/i><\/span><\/span><\/span>        <a class=\"bwg-a\" id=\"spider_slideshow_right_0\" onclick=\"bwg_change_image(parseInt(jQuery('#bwg_current_image_key_0').val()), (parseInt(jQuery('#bwg_current_image_key_0').val()) + bwg_iterator(0)) % 10, '', '', 0); return false;\"><span id=\"spider_slideshow_right-ico_0\"><span><i class=\"bwg-icon-arrow-right bwg_slideshow_next_btn_0\"><\/i><\/span><\/span><\/a>            <\/div>      <\/div>            <\/div>        <\/form>        <style>          #bwg_container1_0 #bwg_container2_0 #spider_popup_overlay_0 {          background-color: #000000;          opacity: 0.70;          }          <\/style>        <div id=\"bwg_spider_popup_loading_0\" class=\"bwg_spider_popup_loading\"><\/div>        <div id=\"spider_popup_overlay_0\" class=\"spider_popup_overlay\" onclick=\"spider_destroypopup(1000)\"><\/div>        <input type=\"hidden\" id=\"bwg_random_seed_0\" value=\"1536229727\">                <\/div>    <\/div>    <script>      if (document.readyState === 'complete') {        if( typeof bwg_main_ready == 'function' ) {          if ( jQuery(\"#bwg_container1_0\").height() ) {            bwg_main_ready(jQuery(\"#bwg_container1_0\"));          }        }      } else {        document.addEventListener('DOMContentLoaded', function() {          if( typeof bwg_main_ready == 'function' ) {            if ( jQuery(\"#bwg_container1_0\").height() ) {             bwg_main_ready(jQuery(\"#bwg_container1_0\"));            }          }        });      }    <\/script>    \n\n\n\n<p>Proveemos nuestra experiencia y nuestro equipamiento de \u00faltima tecnolog\u00eda en materia de iluminaci\u00f3n. Nuestras capacidades son:<\/p>\n\n\n\n<ul><li>Reflectores LED protones<\/li><li>Cabezales m\u00f3viles PLS Beam y Wash<\/li><li>Consolas DMX Avolites y Jands, Splitters, cables DMX<\/li><li>Bolas de espejo<\/li><li>Vigas y columnas telesc\u00f3picas<\/li><li>Segura instalaci\u00f3n el\u00e9ctrica. Tableros<\/li><\/ul>\n","protected":false},"excerpt":{"rendered":"<p>Proveemos nuestra experiencia y nuestro equipamiento de \u00faltima tecnolog\u00eda en materia de iluminaci\u00f3n. Nuestras capacidades son: Reflectores LED protones Cabezales m\u00f3viles PLS Beam y Wash Consolas DMX Avolites y Jands, Splitters, cables DMX Bolas de espejo Vigas y columnas telesc\u00f3picas Segura instalaci\u00f3n el\u00e9ctrica. Tableros<\/p>\n","protected":false},"author":1,"featured_media":132,"parent":2,"menu_order":0,"comment_status":"closed","ping_status":"closed","template":"","meta":{"neve_meta_sidebar":"","neve_meta_container":"","neve_meta_enable_content_width":"","neve_meta_content_width":0,"neve_meta_title_alignment":"","neve_meta_author_avatar":"","neve_post_elements_order":"","neve_meta_disable_header":"","neve_meta_disable_footer":"","neve_meta_disable_title":""},"_links":{"self":[{"href":"http:\/\/alsinaeventos.com.ar\/index.php\/wp-json\/wp\/v2\/pages\/127"}],"collection":[{"href":"http:\/\/alsinaeventos.com.ar\/index.php\/wp-json\/wp\/v2\/pages"}],"about":[{"href":"http:\/\/alsinaeventos.com.ar\/index.php\/wp-json\/wp\/v2\/types\/page"}],"author":[{"embeddable":true,"href":"http:\/\/alsinaeventos.com.ar\/index.php\/wp-json\/wp\/v2\/users\/1"}],"replies":[{"embeddable":true,"href":"http:\/\/alsinaeventos.com.ar\/index.php\/wp-json\/wp\/v2\/comments?post=127"}],"version-history":[{"count":8,"href":"http:\/\/alsinaeventos.com.ar\/index.php\/wp-json\/wp\/v2\/pages\/127\/revisions"}],"predecessor-version":[{"id":190,"href":"http:\/\/alsinaeventos.com.ar\/index.php\/wp-json\/wp\/v2\/pages\/127\/revisions\/190"}],"up":[{"embeddable":true,"href":"http:\/\/alsinaeventos.com.ar\/index.php\/wp-json\/wp\/v2\/pages\/2"}],"wp:featuredmedia":[{"embeddable":true,"href":"http:\/\/alsinaeventos.com.ar\/index.php\/wp-json\/wp\/v2\/media\/132"}],"wp:attachment":[{"href":"http:\/\/alsinaeventos.com.ar\/index.php\/wp-json\/wp\/v2\/media?parent=127"}],"curies":[{"name":"wp","href":"https:\/\/api.w.org\/{rel}","templated":true}]}}